{"id":12,"date":"2012-06-23T06:06:40","date_gmt":"2012-06-23T04:06:40","guid":{"rendered":"http:\/\/www.verderinbalans.nl\/?page_id=12"},"modified":"2025-01-25T15:06:11","modified_gmt":"2025-01-25T14:06:11","slug":"meedoen","status":"publish","type":"page","link":"https:\/\/www.verderinbalans.nl\/?page_id=12","title":{"rendered":"Doe mee!"},"content":{"rendered":"<p><iframe loading=\"lazy\" title=\"Kom in Beweging! Doe met ons mee!\" width=\"584\" height=\"329\" src=\"https:\/\/www.youtube.com\/embed\/mYFC30ZbSnk?feature=oembed\" frameborder=\"0\" allow=\"accelerometer; autoplay; clipboard-write; encrypted-media; gyroscope; picture-in-picture; web-share\" referrerpolicy=\"strict-origin-when-cross-origin\" allowfullscreen><\/iframe><\/p>\n<p><strong>Kosten:<\/strong><\/p>\n<ul>\n<li>De contributie voor <a href=\"https:\/\/www.verderinbalans.nl\/?page_id=10\"><strong>B<\/strong><strong>ewegen op Muziek<\/strong><\/a> bedraagt \u20ac 300,- per jaar, inclusief koffie of thee na afloop van elke les.<\/li>\n<li>Ben je 55plus en heb je een Stadspas? Dan kom je in aanmerking voor vergoeding van de contributie door het SeniorenSportFonds van de Gemeente Amsterdam! Neem hierover contact op met de penningmeester.<\/li>\n<li>Als je mee wil doen aan <strong><a href=\"https:\/\/www.verderinbalans.nl\/?page_id=10\">Bewegen op Muziek<\/a><\/strong>\u00a0\u00e9n aan <strong><a href=\"https:\/\/www.verderinbalans.nl\/?page_id=360\">ViB-Tennis<\/a><\/strong>\u00a0betaal je ook contributie aan <strong>A.L.T.C. Joy Jaagpad<\/strong> (\u20ac 50,- per jaar). Van de tennisvereniging ontvang je na betaling van eenmalige inschrijfkosten je KNLTB ledenpas.<\/li>\n<li>Als je all\u00e9\u00e9n wil meedoen met<strong><a href=\"https:\/\/www.verderinbalans.nl\/?page_id=360\"> ViB-Tennis<\/a>\u00a0<\/strong>bedraagt de contributie aan <strong>Verder in Balans <\/strong>\u20ac 25,- per jaar en de contributie aan <strong>A.L.T.C Joy Jaagpad <\/strong>\u20ac 50,- per jaar + eenmalige inschrijfkosten voor je KNLTB ledenpas.<\/li>\n<\/ul>\n<p><strong>Gratis proefles<\/strong><\/p>\n<p>Stuur ons via de link hieronder een berichtje als je een keer mee wil doen met een gratis proefles <strong>Bewegen op Muziek.<\/strong> Wij nemen dan zo spoedig mogelijk contact met je op. Neem voor de proefles gemakkelijk zittende kleding en schoenen, een handdoek en een flesje water mee.<\/p>\n<p><strong><a href=\"https:\/\/www.verderinbalans.nl\/?page_id=1122\" target=\"_blank\" rel=\"noopener\">Meedoen met een proefles<\/a><\/strong><\/p>\n<p><strong>Let op:<\/strong><\/p>\n<p>Verder in Balans biedt g\u00e9\u00e9n therapie en g\u00e9\u00e9n revalidatie.<\/p>\n\n\n<p><\/p>\n","protected":false},"excerpt":{"rendered":"<p>Kosten: De contributie voor Bewegen op Muziek bedraagt \u20ac 300,- per jaar, inclusief koffie of thee na afloop van elke les. Ben je 55plus en heb je een Stadspas? Dan kom je in aanmerking voor vergoeding van de contributie door &hellip; <a href=\"https:\/\/www.verderinbalans.nl\/?page_id=12\">Lees verder <span class=\"meta-nav\">&rarr;<\/span><\/a><\/p>\n","protected":false},"author":2,"featured_media":0,"parent":0,"menu_order":0,"comment_status":"closed","ping_status":"closed","template":"","meta":{"footnotes":""},"class_list":["post-12","page","type-page","status-publish","hentry"],"_links":{"self":[{"href":"https:\/\/www.verderinbalans.nl\/index.php?rest_route=\/wp\/v2\/pages\/12","targetHints":{"allow":["GET"]}}],"collection":[{"href":"https:\/\/www.verderinbalans.nl\/index.php?rest_route=\/wp\/v2\/pages"}],"about":[{"href":"https:\/\/www.verderinbalans.nl\/index.php?rest_route=\/wp\/v2\/types\/page"}],"author":[{"embeddable":true,"href":"https:\/\/www.verderinbalans.nl\/index.php?rest_route=\/wp\/v2\/users\/2"}],"replies":[{"embeddable":true,"href":"https:\/\/www.verderinbalans.nl\/index.php?rest_route=%2Fwp%2Fv2%2Fcomments&post=12"}],"version-history":[{"count":85,"href":"https:\/\/www.verderinbalans.nl\/index.php?rest_route=\/wp\/v2\/pages\/12\/revisions"}],"predecessor-version":[{"id":1655,"href":"https:\/\/www.verderinbalans.nl\/index.php?rest_route=\/wp\/v2\/pages\/12\/revisions\/1655"}],"wp:attachment":[{"href":"https:\/\/www.verderinbalans.nl\/index.php?rest_route=%2Fwp%2Fv2%2Fmedia&parent=12"}],"curies":[{"name":"wp","href":"https:\/\/api.w.org\/{rel}","templated":true}]}}