{"id":1540,"date":"2024-05-19T15:46:25","date_gmt":"2024-05-19T13:46:25","guid":{"rendered":"https:\/\/www.verderinbalans.nl\/?page_id=1540"},"modified":"2025-01-15T15:01:09","modified_gmt":"2025-01-15T14:01:09","slug":"vriendenloterij-2","status":"publish","type":"page","link":"https:\/\/www.verderinbalans.nl\/?page_id=1540","title":{"rendered":"VriendenLoterij"},"content":{"rendered":"\n<p><strong>Wilt u ons steunen zonder er extra voor te betalen?<\/strong><\/p>\n\n\n\n<figure class=\"wp-block-image\"><img loading=\"lazy\" decoding=\"async\" width=\"300\" height=\"28\" src=\"https:\/\/www.verderinbalans.nl\/wp-content\/uploads\/2022\/04\/VriendenLoterij-LOGO-LIGGEND-300x28.jpg\" alt=\"\" class=\"wp-image-1414\"\/><\/figure>\n\n\n\n<p><strong>Als u loten heeft van de VriendenLoterij kunt u dat snel regelen:<\/strong> <br>bel naar de Ledenservice van de Vriendenloterij, telefoonnummer 088 0201020, <br>kies optie 5 en geef op dat u <strong>Stichting Verder in Balans<\/strong> (<strong>Benicode 20543<\/strong>) wil steunen met 40% van de inleg van uw lot(en).<\/p>\n\n\n\n<p>De VriendenLoterij is een non-profit organisatie die is opgericht om structureel geld in te zamelen voor goede doelen in Nederland en steunt goede doelen, culturele instellingen \u00e9n ruim 3.500 clubs, verenigingen en stichtingen. <strong>Stichting Verder in Balans (ViB) is \u00e9\u00e9n van die clubs en stichtingen.<\/strong><\/p>\n\n\n\n<p><\/p>\n\n\n\n<p><strong>Of word Vriend van ViB<\/strong>:<\/p>\n\n\n\n<p>Steun ons en doneer &#8211; eenmalig of jaarlijks &#8211; een bijdrage aan de <strong>Stichting Verder in Balans (ViB) te Amsterdam.<\/strong><\/p>\n\n\n\n<p class=\"has-text-align-center\"><strong><a href=\"https:\/\/www.verderinbalans.nl\/?page_id=1114\" target=\"_blank\" rel=\"noreferrer noopener\">Klik hier om Vriend van ViB te worden<\/a><\/strong><\/p>\n","protected":false},"excerpt":{"rendered":"<p>Wilt u ons steunen zonder er extra voor te betalen? Als u loten heeft van de VriendenLoterij kunt u dat snel regelen: bel naar de Ledenservice van de Vriendenloterij, telefoonnummer 088 0201020, kies optie 5 en geef op dat u &hellip; <a href=\"https:\/\/www.verderinbalans.nl\/?page_id=1540\">Lees verder <span class=\"meta-nav\">&rarr;<\/span><\/a><\/p>\n","protected":false},"author":2,"featured_media":0,"parent":0,"menu_order":0,"comment_status":"closed","ping_status":"closed","template":"","meta":{"footnotes":""},"class_list":["post-1540","page","type-page","status-publish","hentry"],"_links":{"self":[{"href":"https:\/\/www.verderinbalans.nl\/index.php?rest_route=\/wp\/v2\/pages\/1540","targetHints":{"allow":["GET"]}}],"collection":[{"href":"https:\/\/www.verderinbalans.nl\/index.php?rest_route=\/wp\/v2\/pages"}],"about":[{"href":"https:\/\/www.verderinbalans.nl\/index.php?rest_route=\/wp\/v2\/types\/page"}],"author":[{"embeddable":true,"href":"https:\/\/www.verderinbalans.nl\/index.php?rest_route=\/wp\/v2\/users\/2"}],"replies":[{"embeddable":true,"href":"https:\/\/www.verderinbalans.nl\/index.php?rest_route=%2Fwp%2Fv2%2Fcomments&post=1540"}],"version-history":[{"count":10,"href":"https:\/\/www.verderinbalans.nl\/index.php?rest_route=\/wp\/v2\/pages\/1540\/revisions"}],"predecessor-version":[{"id":1648,"href":"https:\/\/www.verderinbalans.nl\/index.php?rest_route=\/wp\/v2\/pages\/1540\/revisions\/1648"}],"wp:attachment":[{"href":"https:\/\/www.verderinbalans.nl\/index.php?rest_route=%2Fwp%2Fv2%2Fmedia&parent=1540"}],"curies":[{"name":"wp","href":"https:\/\/api.w.org\/{rel}","templated":true}]}}